{"id":19315,"date":"2024-02-05T08:31:55","date_gmt":"2024-02-05T07:31:55","guid":{"rendered":"https:\/\/www.acelvakondcyclingteam.hu\/?page_id=19315"},"modified":"2025-02-10T09:31:35","modified_gmt":"2025-02-10T08:31:35","slug":"rolunk","status":"publish","type":"page","link":"https:\/\/www.acelvakondcyclingteam.hu\/en\/rolunk\/","title":{"rendered":"About"},"content":{"rendered":"<div data-elementor-type=\"wp-page\" data-elementor-id=\"19315\" class=\"elementor elementor-19315\" data-elementor-post-type=\"page\">\n\t\t\t\t<div class=\"elementor-element elementor-element-f8ac5e2 e-con-full e-flex e-con e-parent\" data-id=\"f8ac5e2\" data-element_type=\"container\" data-settings=\"{&quot;background_background&quot;:&quot;classic&quot;}\">\n\t\t\t\t<div class=\"elementor-element elementor-element-1454848 elementor-widget elementor-widget-spacer\" data-id=\"1454848\" data-element_type=\"widget\" data-widget_type=\"spacer.default\">\n\t\t\t\t<div class=\"elementor-widget-container\">\n\t\t\t\t\t\t\t<div class=\"elementor-spacer\">\n\t\t\t<div class=\"elementor-spacer-inner\"><\/div>\n\t\t<\/div>\n\t\t\t\t\t\t<\/div>\n\t\t\t\t<\/div>\n\t\t\t\t<div class=\"elementor-element elementor-element-b49a816 elementor-widget elementor-widget-heading\" data-id=\"b49a816\" data-element_type=\"widget\" data-widget_type=\"heading.default\">\n\t\t\t\t<div class=\"elementor-widget-container\">\n\t\t\t\t\t<h2 class=\"elementor-heading-title elementor-size-default\">ABOUT THE TEAM<\/h2>\t\t\t\t<\/div>\n\t\t\t\t<\/div>\n\t\t\t\t<div class=\"elementor-element elementor-element-b8345fa elementor-hidden-mobile elementor-widget elementor-widget-text-editor\" data-id=\"b8345fa\" data-element_type=\"widget\" data-widget_type=\"text-editor.default\">\n\t\t\t\t<div class=\"elementor-widget-container\">\n\t\t\t\t\t\t\t\t\t<p>Our main goal is to promote amateur and competitive cycling.<\/p><p>To promote the beauty of cycling and cycling as widely as possible.<\/p>\t\t\t\t\t\t\t\t<\/div>\n\t\t\t\t<\/div>\n\t\t\t\t<\/div>\n\t\t<div class=\"elementor-element elementor-element-3548688 e-flex e-con-boxed e-con e-parent\" data-id=\"3548688\" data-element_type=\"container\">\n\t\t\t\t\t<div class=\"e-con-inner\">\n\t\t<div class=\"elementor-element elementor-element-2792ac6 e-con-full e-flex e-con e-child\" data-id=\"2792ac6\" data-element_type=\"container\">\n\t\t\t\t<div class=\"elementor-element elementor-element-44e6b04 elementor-widget elementor-widget-heading\" data-id=\"44e6b04\" data-element_type=\"widget\" data-widget_type=\"heading.default\">\n\t\t\t\t<div class=\"elementor-widget-container\">\n\t\t\t\t\t<h2 class=\"elementor-heading-title elementor-size-default\">MILESTONES<\/h2>\t\t\t\t<\/div>\n\t\t\t\t<\/div>\n\t\t\t\t<div class=\"elementor-element elementor-element-2bc5b9f elementor-widget elementor-widget-text-editor\" data-id=\"2bc5b9f\" data-element_type=\"widget\" data-widget_type=\"text-editor.default\">\n\t\t\t\t<div class=\"elementor-widget-container\">\n\t\t\t\t\t\t\t\t\t<ul><li><strong>2020<\/strong> &#8211; Megalakult az AC\u00c9L-VAKOND Ker\u00e9kp\u00e1ros Sportgyes\u00fclet;<\/li><li><strong>2021<\/strong> &#8211; S<i>z\u00f6ll\u0151ssy Eszter<\/i> WU19-es korcsoportban egy\u00e9ni id\u0151futam \u00e9s mez\u0151ny orsz\u00e1gos bajnok lett;<\/li><li><strong>2022<\/strong> &#8211; Az Egyes\u00fclet t\u00e1mogat\u00e1s\u00e1val elk\u00e9sz\u00fclt \u00e9s \u00e1tad\u00e1sra ker\u00fclt a zirci pumpap\u00e1lya;<\/li><li><strong>2023<\/strong> &#8211; Tajthy Ferenc Master1 kateg\u00f3ri\u00e1ban magyar bajnoki c\u00edmet szerzett;<\/li><\/ul>\t\t\t\t\t\t\t\t<\/div>\n\t\t\t\t<\/div>\n\t\t\t\t<\/div>\n\t\t<div class=\"elementor-element elementor-element-1be93c1 e-con-full e-flex e-con e-child\" data-id=\"1be93c1\" data-element_type=\"container\">\n\t\t<div class=\"elementor-element elementor-element-4c75c8e e-flex e-con-boxed e-con e-child\" data-id=\"4c75c8e\" data-element_type=\"container\">\n\t\t\t\t\t<div class=\"e-con-inner\">\n\t\t\t\t<div class=\"elementor-element elementor-element-bbbbfff elementor-widget elementor-widget-image\" data-id=\"bbbbfff\" data-element_type=\"widget\" data-widget_type=\"image.default\">\n\t\t\t\t<div class=\"elementor-widget-container\">\n\t\t\t\t\t\t\t\t\t\t\t\t\t\t\t<img decoding=\"async\" src=\"https:\/\/www.acelvakondcyclingteam.hu\/wp-content\/uploads\/elementor\/thumbs\/rolunk_filler_002-qjcuk958beyip0w5wnlp7ca2apuwi7lr93zqg4y2t2.jpg\" title=\"rolunk_filler_002\" alt=\"rolunk_filler_002\" loading=\"lazy\" \/>\t\t\t\t\t\t\t\t\t\t\t\t\t\t\t<\/div>\n\t\t\t\t<\/div>\n\t\t\t\t\t<\/div>\n\t\t\t\t<\/div>\n\t\t<div class=\"elementor-element elementor-element-33609ac e-flex e-con-boxed e-con e-child\" data-id=\"33609ac\" data-element_type=\"container\">\n\t\t\t\t\t<div class=\"e-con-inner\">\n\t\t\t\t<div class=\"elementor-element elementor-element-20fdd1c elementor-widget elementor-widget-image\" data-id=\"20fdd1c\" data-element_type=\"widget\" data-widget_type=\"image.default\">\n\t\t\t\t<div class=\"elementor-widget-container\">\n\t\t\t\t\t\t\t\t\t\t\t\t\t\t\t<img fetchpriority=\"high\" decoding=\"async\" width=\"1024\" height=\"683\" src=\"https:\/\/www.acelvakondcyclingteam.hu\/wp-content\/uploads\/2024\/02\/rolunk_filler_001-1024x683.jpg\" class=\"attachment-large size-large wp-image-19425\" alt=\"\" srcset=\"https:\/\/www.acelvakondcyclingteam.hu\/wp-content\/uploads\/2024\/02\/rolunk_filler_001-1024x683.jpg 1024w, https:\/\/www.acelvakondcyclingteam.hu\/wp-content\/uploads\/2024\/02\/rolunk_filler_001-300x200.jpg 300w, https:\/\/www.acelvakondcyclingteam.hu\/wp-content\/uploads\/2024\/02\/rolunk_filler_001-768x512.jpg 768w, https:\/\/www.acelvakondcyclingteam.hu\/wp-content\/uploads\/2024\/02\/rolunk_filler_001-600x400.jpg 600w, https:\/\/www.acelvakondcyclingteam.hu\/wp-content\/uploads\/2024\/02\/rolunk_filler_001.jpg 1140w\" sizes=\"(max-width: 1024px) 100vw, 1024px\" \/>\t\t\t\t\t\t\t\t\t\t\t\t\t\t\t<\/div>\n\t\t\t\t<\/div>\n\t\t\t\t\t<\/div>\n\t\t\t\t<\/div>\n\t\t\t\t<\/div>\n\t\t\t\t\t<\/div>\n\t\t\t\t<\/div>\n\t\t<div class=\"elementor-element elementor-element-3f8b86b e-flex e-con-boxed e-con e-parent\" data-id=\"3f8b86b\" data-element_type=\"container\">\n\t\t\t\t\t<div class=\"e-con-inner\">\n\t\t\t\t<div class=\"elementor-element elementor-element-d42db59 elementor-widget elementor-widget-heading\" data-id=\"d42db59\" data-element_type=\"widget\" data-widget_type=\"heading.default\">\n\t\t\t\t<div class=\"elementor-widget-container\">\n\t\t\t\t\t<h2 class=\"elementor-heading-title elementor-size-default\">OUR GOALS<\/h2>\t\t\t\t<\/div>\n\t\t\t\t<\/div>\n\t\t\t\t<div class=\"elementor-element elementor-element-121501b elementor-widget elementor-widget-text-editor\" data-id=\"121501b\" data-element_type=\"widget\" data-widget_type=\"text-editor.default\">\n\t\t\t\t<div class=\"elementor-widget-container\">\n\t\t\t\t\t\t\t\t\t<p>Our main objective is to promote amateur and competitive cycling, to make people aware of the useful and healthy use of leisure time, including the beauty of cycling and cycling sports.<\/p><p>The headquarters in Zirc offers a huge opportunity to promote both mountain biking and road cycling, and to organise competitions in the future.<\/p><p>The main activity of the association is the support and training of junior and adult competitors, both at home and abroad.<\/p><p>The initiative of our eponymous sponsor was quickly joined by other supporters.<\/p><p>This year's season will start with eight junior-age competitors. Despite their age, the youngsters are already experienced competitors, boasting numerous Hungarian Championship titles and Cup wins.<\/p><p>In the future, we would like to actively participate at the association level in events in Zircs and the surrounding area, to promote cycling at mass sports events.<\/p><p>We consider it an important task to introduce as many young children as possible to cycling, on the one hand to ensure the supply of competitive sports, and on the other hand to help them learn the rules of the road and to ride safely.<\/p>\t\t\t\t\t\t\t\t<\/div>\n\t\t\t\t<\/div>\n\t\t\t\t\t<\/div>\n\t\t\t\t<\/div>\n\t\t<div class=\"elementor-element elementor-element-ba0d368 e-flex e-con-boxed e-con e-parent\" data-id=\"ba0d368\" data-element_type=\"container\">\n\t\t\t\t\t<div class=\"e-con-inner\">\n\t\t\t\t<div class=\"elementor-element elementor-element-0002659 elementor-widget elementor-widget-heading\" data-id=\"0002659\" data-element_type=\"widget\" data-widget_type=\"heading.default\">\n\t\t\t\t<div class=\"elementor-widget-container\">\n\t\t\t\t\t<h2 class=\"elementor-heading-title elementor-size-default\">MANAGEMENT<\/h2>\t\t\t\t<\/div>\n\t\t\t\t<\/div>\n\t\t\t\t\t<\/div>\n\t\t\t\t<\/div>\n\t\t<div class=\"elementor-element elementor-element-4fdab47 e-flex e-con-boxed e-con e-parent\" data-id=\"4fdab47\" data-element_type=\"container\">\n\t\t\t\t\t<div class=\"e-con-inner\">\n\t\t<div class=\"elementor-element elementor-element-75f0fa7 e-con-full e-flex e-con e-child\" data-id=\"75f0fa7\" data-element_type=\"container\">\n\t\t\t\t<div class=\"elementor-element elementor-element-93574be elementor-widget elementor-widget-image\" data-id=\"93574be\" data-element_type=\"widget\" data-widget_type=\"image.default\">\n\t\t\t\t<div class=\"elementor-widget-container\">\n\t\t\t\t\t\t\t\t\t\t\t\t\t\t\t<img decoding=\"async\" width=\"595\" height=\"550\" src=\"https:\/\/www.acelvakondcyclingteam.hu\/wp-content\/uploads\/2024\/02\/avatar.jpg\" class=\"attachment-large size-large wp-image-20040\" alt=\"\" srcset=\"https:\/\/www.acelvakondcyclingteam.hu\/wp-content\/uploads\/2024\/02\/avatar.jpg 595w, https:\/\/www.acelvakondcyclingteam.hu\/wp-content\/uploads\/2024\/02\/avatar-300x277.jpg 300w, https:\/\/www.acelvakondcyclingteam.hu\/wp-content\/uploads\/2024\/02\/avatar-13x12.jpg 13w\" sizes=\"(max-width: 595px) 100vw, 595px\" \/>\t\t\t\t\t\t\t\t\t\t\t\t\t\t\t<\/div>\n\t\t\t\t<\/div>\n\t\t\t\t<div class=\"elementor-element elementor-element-c0384c9 elementor-widget elementor-widget-heading\" data-id=\"c0384c9\" data-element_type=\"widget\" data-widget_type=\"heading.default\">\n\t\t\t\t<div class=\"elementor-widget-container\">\n\t\t\t\t\t<h2 class=\"elementor-heading-title elementor-size-default\">Orosz P\u00e9ter<\/h2>\t\t\t\t<\/div>\n\t\t\t\t<\/div>\n\t\t\t\t<div class=\"elementor-element elementor-element-417af0b elementor-widget elementor-widget-heading\" data-id=\"417af0b\" data-element_type=\"widget\" data-widget_type=\"heading.default\">\n\t\t\t\t<div class=\"elementor-widget-container\">\n\t\t\t\t\t<h2 class=\"elementor-heading-title elementor-size-default\">aleln\u00f6k<\/h2>\t\t\t\t<\/div>\n\t\t\t\t<\/div>\n\t\t\t\t<\/div>\n\t\t<div class=\"elementor-element elementor-element-e8c24a1 e-con-full e-flex e-con e-child\" data-id=\"e8c24a1\" data-element_type=\"container\">\n\t\t\t\t<div class=\"elementor-element elementor-element-ac2ccb4 elementor-widget elementor-widget-image\" data-id=\"ac2ccb4\" data-element_type=\"widget\" data-widget_type=\"image.default\">\n\t\t\t\t<div class=\"elementor-widget-container\">\n\t\t\t\t\t\t\t\t\t\t\t\t\t\t\t<img decoding=\"async\" width=\"595\" height=\"550\" src=\"https:\/\/www.acelvakondcyclingteam.hu\/wp-content\/uploads\/2024\/02\/avatar.jpg\" class=\"attachment-large size-large wp-image-20040\" alt=\"\" srcset=\"https:\/\/www.acelvakondcyclingteam.hu\/wp-content\/uploads\/2024\/02\/avatar.jpg 595w, https:\/\/www.acelvakondcyclingteam.hu\/wp-content\/uploads\/2024\/02\/avatar-300x277.jpg 300w, https:\/\/www.acelvakondcyclingteam.hu\/wp-content\/uploads\/2024\/02\/avatar-13x12.jpg 13w\" sizes=\"(max-width: 595px) 100vw, 595px\" \/>\t\t\t\t\t\t\t\t\t\t\t\t\t\t\t<\/div>\n\t\t\t\t<\/div>\n\t\t\t\t<div class=\"elementor-element elementor-element-c1218b0 elementor-widget elementor-widget-heading\" data-id=\"c1218b0\" data-element_type=\"widget\" data-widget_type=\"heading.default\">\n\t\t\t\t<div class=\"elementor-widget-container\">\n\t\t\t\t\t<h2 class=\"elementor-heading-title elementor-size-default\">Csombor Kriszti\u00e1n<\/h2>\t\t\t\t<\/div>\n\t\t\t\t<\/div>\n\t\t\t\t<div class=\"elementor-element elementor-element-aa1d918 elementor-widget elementor-widget-heading\" data-id=\"aa1d918\" data-element_type=\"widget\" data-widget_type=\"heading.default\">\n\t\t\t\t<div class=\"elementor-widget-container\">\n\t\t\t\t\t<h2 class=\"elementor-heading-title elementor-size-default\">general manager<\/h2>\t\t\t\t<\/div>\n\t\t\t\t<\/div>\n\t\t\t\t<\/div>\n\t\t<div class=\"elementor-element elementor-element-eec1e10 e-con-full e-flex e-con e-child\" data-id=\"eec1e10\" data-element_type=\"container\">\n\t\t\t\t<div class=\"elementor-element elementor-element-16be376 elementor-widget elementor-widget-image\" data-id=\"16be376\" data-element_type=\"widget\" data-widget_type=\"image.default\">\n\t\t\t\t<div class=\"elementor-widget-container\">\n\t\t\t\t\t\t\t\t\t\t\t\t\t\t\t<img decoding=\"async\" width=\"595\" height=\"550\" src=\"https:\/\/www.acelvakondcyclingteam.hu\/wp-content\/uploads\/2024\/02\/avatar.jpg\" class=\"attachment-large size-large wp-image-20040\" alt=\"\" srcset=\"https:\/\/www.acelvakondcyclingteam.hu\/wp-content\/uploads\/2024\/02\/avatar.jpg 595w, https:\/\/www.acelvakondcyclingteam.hu\/wp-content\/uploads\/2024\/02\/avatar-300x277.jpg 300w, https:\/\/www.acelvakondcyclingteam.hu\/wp-content\/uploads\/2024\/02\/avatar-13x12.jpg 13w\" sizes=\"(max-width: 595px) 100vw, 595px\" \/>\t\t\t\t\t\t\t\t\t\t\t\t\t\t\t<\/div>\n\t\t\t\t<\/div>\n\t\t\t\t<div class=\"elementor-element elementor-element-73ff891 elementor-widget elementor-widget-heading\" data-id=\"73ff891\" data-element_type=\"widget\" data-widget_type=\"heading.default\">\n\t\t\t\t<div class=\"elementor-widget-container\">\n\t\t\t\t\t<h2 class=\"elementor-heading-title elementor-size-default\">Csombor Tibor<\/h2>\t\t\t\t<\/div>\n\t\t\t\t<\/div>\n\t\t\t\t<div class=\"elementor-element elementor-element-526a946 elementor-widget elementor-widget-heading\" data-id=\"526a946\" data-element_type=\"widget\" data-widget_type=\"heading.default\">\n\t\t\t\t<div class=\"elementor-widget-container\">\n\t\t\t\t\t<h2 class=\"elementor-heading-title elementor-size-default\">main sponsor<\/h2>\t\t\t\t<\/div>\n\t\t\t\t<\/div>\n\t\t\t\t<\/div>\n\t\t\t\t\t<\/div>\n\t\t\t\t<\/div>\n\t\t\t\t<\/div>","protected":false},"excerpt":{"rendered":"<p>A CSAPATR\u00d3L F\u0151 c\u00e9lunk, az amat\u0151r \u00e9s versenyszer\u0171 ker\u00e9kp\u00e1roz\u00e1s n\u00e9pszer\u0171s\u00edt\u00e9se. A ker\u00e9kp\u00e1roz\u00e1s \u00e9s ker\u00e9kp\u00e1ros sport sz\u00e9ps\u00e9g\u00e9nek min\u00e9l sz\u00e9lesebb k\u00f6r\u0171 terjeszt\u00e9se. kilom\u00e9terk\u00f6vek 2020 &#8211; Megalakult az AC\u00c9L-VAKOND Ker\u00e9kp\u00e1ros Sportgyes\u00fclet; 2021 &#8211; Sz\u00f6ll\u0151ssy Eszter WU19-es korcsoportban egy\u00e9ni id\u0151futam \u00e9s mez\u0151ny orsz\u00e1gos bajnok lett; 2022 &#8211; Az Egyes\u00fclet t\u00e1mogat\u00e1s\u00e1val elk\u00e9sz\u00fclt \u00e9s \u00e1tad\u00e1sra ker\u00fclt a zirci pumpap\u00e1lya; 2023 &#8211; [&hellip;]<\/p>","protected":false},"author":1,"featured_media":0,"parent":0,"menu_order":0,"comment_status":"closed","ping_status":"closed","template":"page-templates\/fullwidth-content.php","meta":{"footnotes":""},"class_list":["post-19315","page","type-page","status-publish","hentry"],"_links":{"self":[{"href":"https:\/\/www.acelvakondcyclingteam.hu\/en\/wp-json\/wp\/v2\/pages\/19315","targetHints":{"allow":["GET"]}}],"collection":[{"href":"https:\/\/www.acelvakondcyclingteam.hu\/en\/wp-json\/wp\/v2\/pages"}],"about":[{"href":"https:\/\/www.acelvakondcyclingteam.hu\/en\/wp-json\/wp\/v2\/types\/page"}],"author":[{"embeddable":true,"href":"https:\/\/www.acelvakondcyclingteam.hu\/en\/wp-json\/wp\/v2\/users\/1"}],"replies":[{"embeddable":true,"href":"https:\/\/www.acelvakondcyclingteam.hu\/en\/wp-json\/wp\/v2\/comments?post=19315"}],"version-history":[{"count":136,"href":"https:\/\/www.acelvakondcyclingteam.hu\/en\/wp-json\/wp\/v2\/pages\/19315\/revisions"}],"predecessor-version":[{"id":20477,"href":"https:\/\/www.acelvakondcyclingteam.hu\/en\/wp-json\/wp\/v2\/pages\/19315\/revisions\/20477"}],"wp:attachment":[{"href":"https:\/\/www.acelvakondcyclingteam.hu\/en\/wp-json\/wp\/v2\/media?parent=19315"}],"curies":[{"name":"wp","href":"https:\/\/api.w.org\/{rel}","templated":true}]}}