{"id":19437,"date":"2024-02-05T11:08:04","date_gmt":"2024-02-05T10:08:04","guid":{"rendered":"https:\/\/www.acelvakondcyclingteam.hu\/?page_id=19437"},"modified":"2024-02-22T08:56:55","modified_gmt":"2024-02-22T07:56:55","slug":"a-tulajdonosrol","status":"publish","type":"page","link":"https:\/\/www.acelvakondcyclingteam.hu\/en\/a-tulajdonosrol\/","title":{"rendered":"A tulajdonosr\u00f3l"},"content":{"rendered":"<div data-elementor-type=\"wp-page\" data-elementor-id=\"19437\" class=\"elementor elementor-19437\" data-elementor-post-type=\"page\">\n\t\t\t\t<div class=\"elementor-element elementor-element-9d36960 e-con-full e-flex e-con e-parent\" data-id=\"9d36960\" data-element_type=\"container\" data-settings=\"{&quot;background_background&quot;:&quot;classic&quot;}\">\n\t\t\t\t<div class=\"elementor-element elementor-element-81e51e7 elementor-widget elementor-widget-spacer\" data-id=\"81e51e7\" data-element_type=\"widget\" data-widget_type=\"spacer.default\">\n\t\t\t\t<div class=\"elementor-widget-container\">\n\t\t\t\t\t\t\t<div class=\"elementor-spacer\">\n\t\t\t<div class=\"elementor-spacer-inner\"><\/div>\n\t\t<\/div>\n\t\t\t\t\t\t<\/div>\n\t\t\t\t<\/div>\n\t\t\t\t<div class=\"elementor-element elementor-element-cd5c395 elementor-widget elementor-widget-heading\" data-id=\"cd5c395\" data-element_type=\"widget\" data-widget_type=\"heading.default\">\n\t\t\t\t<div class=\"elementor-widget-container\">\n\t\t\t\t\t<h2 class=\"elementor-heading-title elementor-size-default\">ac\u00e9l-vakond kft.<\/h2>\t\t\t\t<\/div>\n\t\t\t\t<\/div>\n\t\t\t\t<div class=\"elementor-element elementor-element-ceba435 elementor-hidden-mobile elementor-widget elementor-widget-text-editor\" data-id=\"ceba435\" data-element_type=\"widget\" data-widget_type=\"text-editor.default\">\n\t\t\t\t<div class=\"elementor-widget-container\">\n\t\t\t\t\t\t\t\t\t<p>\"The AC\u00c9L-VAKOND Cycling Sports Association (ACV KE) was registered in 2020,<\/p><p>mainly on the initiative of its founding members, who are active cycling enthusiasts.\"<\/p>\t\t\t\t\t\t\t\t<\/div>\n\t\t\t\t<\/div>\n\t\t\t\t<\/div>\n\t\t<div class=\"elementor-element elementor-element-143dbeb e-flex e-con-boxed e-con e-parent\" data-id=\"143dbeb\" data-element_type=\"container\">\n\t\t\t\t\t<div class=\"e-con-inner\">\n\t\t<div class=\"elementor-element elementor-element-a81534d e-con-full e-flex e-con e-child\" data-id=\"a81534d\" data-element_type=\"container\">\n\t\t\t\t<div class=\"elementor-element elementor-element-66d78b7 elementor-widget elementor-widget-text-editor\" data-id=\"66d78b7\" data-element_type=\"widget\" data-widget_type=\"text-editor.default\">\n\t\t\t\t<div class=\"elementor-widget-container\">\n\t\t\t\t\t\t\t\t\t<p>Ac\u00e9l-Vakond Ltd. is a 100% Hungarian-owned company founded in 1998. The head of the company, Tibor Csombor, started as a sole trader in 1991, and in November '98 the company took on its current identity.<\/p><p>The main activity of our company is the execution of special civil engineering works, steel and concrete pipe jacking, pipe laying without road opening, directional drilling, pipe drilling. In addition, we undertake all kinds of utility and sewer construction tasks, earthworks.<\/p><p>Our technological equipment includes state-of-the-art machinery and equipment suitable for the construction and reconstruction of modern drinking water and wastewater networks, storm water pipelines, gas pipelines, electrical and telecommunications networks, district heating pipelines.<\/p><p>Our company has a great professional experience in the above-mentioned activities, an excellent team of professionals, the quality of our work and the recognition of our expertise is confirmed by the number of returning customers and their opinions.<br \/>We take particular pride in successfully completing technically challenging tasks where previously respected competitors have been forced to back down.<\/p><p><strong>Csombor Tibor<\/strong><br \/><em>executive director<\/em><\/p>\t\t\t\t\t\t\t\t<\/div>\n\t\t\t\t<\/div>\n\t\t\t\t<\/div>\n\t\t<div class=\"elementor-element elementor-element-6c8e81a e-con-full e-flex e-con e-child\" data-id=\"6c8e81a\" data-element_type=\"container\">\n\t\t\t\t<div class=\"elementor-element elementor-element-bf4d89c elementor-hidden-mobile elementor-widget elementor-widget-image\" data-id=\"bf4d89c\" data-element_type=\"widget\" data-widget_type=\"image.default\">\n\t\t\t\t<div class=\"elementor-widget-container\">\n\t\t\t\t\t\t\t\t\t\t\t\t\t\t\t\t<a href=\"https:\/\/www.acelvakond.hu\">\n\t\t\t\t\t\t\t<img fetchpriority=\"high\" decoding=\"async\" width=\"1024\" height=\"268\" src=\"https:\/\/www.acelvakondcyclingteam.hu\/wp-content\/uploads\/2024\/02\/acv_logo-1024x268.png\" class=\"attachment-large size-large wp-image-19455\" alt=\"\" srcset=\"https:\/\/www.acelvakondcyclingteam.hu\/wp-content\/uploads\/2024\/02\/acv_logo-1024x268.png 1024w, https:\/\/www.acelvakondcyclingteam.hu\/wp-content\/uploads\/2024\/02\/acv_logo-300x78.png 300w, https:\/\/www.acelvakondcyclingteam.hu\/wp-content\/uploads\/2024\/02\/acv_logo-768x201.png 768w, https:\/\/www.acelvakondcyclingteam.hu\/wp-content\/uploads\/2024\/02\/acv_logo-1536x401.png 1536w, https:\/\/www.acelvakondcyclingteam.hu\/wp-content\/uploads\/2024\/02\/acv_logo-600x157.png 600w, https:\/\/www.acelvakondcyclingteam.hu\/wp-content\/uploads\/2024\/02\/acv_logo.png 1871w\" sizes=\"(max-width: 1024px) 100vw, 1024px\" \/>\t\t\t\t\t\t\t\t<\/a>\n\t\t\t\t\t\t\t\t\t\t\t\t\t\t\t<\/div>\n\t\t\t\t<\/div>\n\t\t\t\t<div class=\"elementor-element elementor-element-27baae3 elementor-widget elementor-widget-image\" data-id=\"27baae3\" data-element_type=\"widget\" data-widget_type=\"image.default\">\n\t\t\t\t<div class=\"elementor-widget-container\">\n\t\t\t\t\t\t\t\t\t\t\t\t\t\t\t<img decoding=\"async\" width=\"1024\" height=\"768\" src=\"https:\/\/www.acelvakondcyclingteam.hu\/wp-content\/uploads\/2024\/02\/tulajdonos_team_filler_001-1024x768.jpg\" class=\"attachment-large size-large wp-image-19440\" alt=\"\" srcset=\"https:\/\/www.acelvakondcyclingteam.hu\/wp-content\/uploads\/2024\/02\/tulajdonos_team_filler_001-1024x768.jpg 1024w, https:\/\/www.acelvakondcyclingteam.hu\/wp-content\/uploads\/2024\/02\/tulajdonos_team_filler_001-300x225.jpg 300w, https:\/\/www.acelvakondcyclingteam.hu\/wp-content\/uploads\/2024\/02\/tulajdonos_team_filler_001-768x576.jpg 768w, https:\/\/www.acelvakondcyclingteam.hu\/wp-content\/uploads\/2024\/02\/tulajdonos_team_filler_001-1536x1152.jpg 1536w, https:\/\/www.acelvakondcyclingteam.hu\/wp-content\/uploads\/2024\/02\/tulajdonos_team_filler_001-600x450.jpg 600w, https:\/\/www.acelvakondcyclingteam.hu\/wp-content\/uploads\/2024\/02\/tulajdonos_team_filler_001.jpg 1920w\" sizes=\"(max-width: 1024px) 100vw, 1024px\" \/>\t\t\t\t\t\t\t\t\t\t\t\t\t\t\t<\/div>\n\t\t\t\t<\/div>\n\t\t\t\t<\/div>\n\t\t\t\t\t<\/div>\n\t\t\t\t<\/div>\n\t\t\t\t<\/div>","protected":false},"excerpt":{"rendered":"<p>ac\u00e9l-vakond kft. &#8222;Az AC\u00c9L-VAKOND Ker\u00e9kp\u00e1ros Sportegyes\u00fclet (ACV KE) 2020-ban ker\u00fclt bejegyz\u00e9sre, els\u0151sorban a ker\u00e9kp\u00e1roz\u00e1st kedvel\u0151, a ker\u00e9kp\u00e1rsportot akt\u00edvan \u0171z\u0151 alap\u00edt\u00f3tagok kezdem\u00e9nyez\u00e9s\u00e9re.&#8221; Az Ac\u00e9l-Vakond Kft. 1998-ban alap\u00edtott, 100%-ban magyar tulajdon\u00fa v\u00e1llalkoz\u00e1s. A c\u00e9g vezet\u0151je, Csombor Tibor a kezdeti id\u0151szakban, 1991-t\u0151l egy\u00e9ni v\u00e1llalkoz\u00f3k\u00e9nt kezdte meg a tev\u00e9kenys\u00e9get, majd \u201998 november\u00e9ben \u00f6lt\u00f6tte mag\u00e1ra a t\u00e1rsas\u00e1g a jelenlegi arculat\u00e1t. [&hellip;]<\/p>","protected":false},"author":1,"featured_media":0,"parent":0,"menu_order":0,"comment_status":"closed","ping_status":"closed","template":"page-templates\/fullwidth-content.php","meta":{"footnotes":""},"class_list":["post-19437","page","type-page","status-publish","hentry"],"_links":{"self":[{"href":"https:\/\/www.acelvakondcyclingteam.hu\/en\/wp-json\/wp\/v2\/pages\/19437","targetHints":{"allow":["GET"]}}],"collection":[{"href":"https:\/\/www.acelvakondcyclingteam.hu\/en\/wp-json\/wp\/v2\/pages"}],"about":[{"href":"https:\/\/www.acelvakondcyclingteam.hu\/en\/wp-json\/wp\/v2\/types\/page"}],"author":[{"embeddable":true,"href":"https:\/\/www.acelvakondcyclingteam.hu\/en\/wp-json\/wp\/v2\/users\/1"}],"replies":[{"embeddable":true,"href":"https:\/\/www.acelvakondcyclingteam.hu\/en\/wp-json\/wp\/v2\/comments?post=19437"}],"version-history":[{"count":43,"href":"https:\/\/www.acelvakondcyclingteam.hu\/en\/wp-json\/wp\/v2\/pages\/19437\/revisions"}],"predecessor-version":[{"id":20287,"href":"https:\/\/www.acelvakondcyclingteam.hu\/en\/wp-json\/wp\/v2\/pages\/19437\/revisions\/20287"}],"wp:attachment":[{"href":"https:\/\/www.acelvakondcyclingteam.hu\/en\/wp-json\/wp\/v2\/media?parent=19437"}],"curies":[{"name":"wp","href":"https:\/\/api.w.org\/{rel}","templated":true}]}}