{"id":20001,"date":"2024-02-11T09:07:38","date_gmt":"2024-02-11T08:07:38","guid":{"rendered":"https:\/\/www.acelvakondcyclingteam.hu\/?page_id=20001"},"modified":"2024-02-11T09:12:03","modified_gmt":"2024-02-11T08:12:03","slug":"cookie-szabalyzat","status":"publish","type":"page","link":"https:\/\/www.acelvakondcyclingteam.hu\/en\/cookie-szabalyzat\/","title":{"rendered":"Cookie szab\u00e1lyzat"},"content":{"rendered":"<div data-elementor-type=\"wp-page\" data-elementor-id=\"20001\" class=\"elementor elementor-20001\" data-elementor-post-type=\"page\">\n\t\t\t\t<div class=\"elementor-element elementor-element-ab0124d e-flex e-con-boxed e-con e-parent\" data-id=\"ab0124d\" data-element_type=\"container\">\n\t\t\t\t\t<div class=\"e-con-inner\">\n\t\t\t\t<div class=\"elementor-element elementor-element-d7e2a04 elementor-widget elementor-widget-heading\" data-id=\"d7e2a04\" data-element_type=\"widget\" data-widget_type=\"heading.default\">\n\t\t\t\t<div class=\"elementor-widget-container\">\n\t\t\t\t\t<h2 class=\"elementor-heading-title elementor-size-default\">COOKIE SZAB\u00c1LYZAT<\/h2>\t\t\t\t<\/div>\n\t\t\t\t<\/div>\n\t\t\t\t\t<\/div>\n\t\t\t\t<\/div>\n\t\t<div class=\"elementor-element elementor-element-f30f4fe e-flex e-con-boxed e-con e-parent\" data-id=\"f30f4fe\" data-element_type=\"container\">\n\t\t\t\t\t<div class=\"e-con-inner\">\n\t\t\t\t<div class=\"elementor-element elementor-element-deaefc0 elementor-widget elementor-widget-text-editor\" data-id=\"deaefc0\" data-element_type=\"widget\" data-widget_type=\"text-editor.default\">\n\t\t\t\t<div class=\"elementor-widget-container\">\n\t\t\t\t\t\t\t\t\t<section data-id=\"ff82a6d\" data-element_type=\"section\" data-settings=\"{&quot;jet_parallax_layout_list&quot;:[{&quot;jet_parallax_layout_image&quot;:{&quot;url&quot;:&quot;&quot;,&quot;id&quot;:&quot;&quot;},&quot;_id&quot;:&quot;2c3556f&quot;,&quot;jet_parallax_layout_image_tablet&quot;:{&quot;url&quot;:&quot;&quot;,&quot;id&quot;:&quot;&quot;},&quot;jet_parallax_layout_image_mobile&quot;:{&quot;url&quot;:&quot;&quot;,&quot;id&quot;:&quot;&quot;},&quot;jet_parallax_layout_speed&quot;:{&quot;unit&quot;:&quot;%&quot;,&quot;size&quot;:50,&quot;sizes&quot;:[]},&quot;jet_parallax_layout_type&quot;:&quot;scroll&quot;,&quot;jet_parallax_layout_direction&quot;:null,&quot;jet_parallax_layout_fx_direction&quot;:null,&quot;jet_parallax_layout_z_index&quot;:&quot;&quot;,&quot;jet_parallax_layout_bg_x&quot;:50,&quot;jet_parallax_layout_bg_x_tablet&quot;:&quot;&quot;,&quot;jet_parallax_layout_bg_x_mobile&quot;:&quot;&quot;,&quot;jet_parallax_layout_bg_y&quot;:50,&quot;jet_parallax_layout_bg_y_tablet&quot;:&quot;&quot;,&quot;jet_parallax_layout_bg_y_mobile&quot;:&quot;&quot;,&quot;jet_parallax_layout_bg_size&quot;:&quot;auto&quot;,&quot;jet_parallax_layout_bg_size_tablet&quot;:&quot;&quot;,&quot;jet_parallax_layout_bg_size_mobile&quot;:&quot;&quot;,&quot;jet_parallax_layout_animation_prop&quot;:&quot;transform&quot;,&quot;jet_parallax_layout_on&quot;:[&quot;desktop&quot;,&quot;tablet&quot;]}]}\"><div><div><div data-id=\"1856d39\" data-element_type=\"column\"><div><div><div data-id=\"ca707ff\" data-element_type=\"widget\" data-widget_type=\"heading.default\"><div><section data-id=\"ff82a6d\" data-element_type=\"section\" data-settings=\"{&quot;jet_parallax_layout_list&quot;:[{&quot;jet_parallax_layout_image&quot;:{&quot;url&quot;:&quot;&quot;,&quot;id&quot;:&quot;&quot;},&quot;_id&quot;:&quot;2c3556f&quot;,&quot;jet_parallax_layout_image_tablet&quot;:{&quot;url&quot;:&quot;&quot;,&quot;id&quot;:&quot;&quot;},&quot;jet_parallax_layout_image_mobile&quot;:{&quot;url&quot;:&quot;&quot;,&quot;id&quot;:&quot;&quot;},&quot;jet_parallax_layout_speed&quot;:{&quot;unit&quot;:&quot;%&quot;,&quot;size&quot;:50,&quot;sizes&quot;:[]},&quot;jet_parallax_layout_type&quot;:&quot;scroll&quot;,&quot;jet_parallax_layout_direction&quot;:null,&quot;jet_parallax_layout_fx_direction&quot;:null,&quot;jet_parallax_layout_z_index&quot;:&quot;&quot;,&quot;jet_parallax_layout_bg_x&quot;:50,&quot;jet_parallax_layout_bg_x_tablet&quot;:&quot;&quot;,&quot;jet_parallax_layout_bg_x_mobile&quot;:&quot;&quot;,&quot;jet_parallax_layout_bg_y&quot;:50,&quot;jet_parallax_layout_bg_y_tablet&quot;:&quot;&quot;,&quot;jet_parallax_layout_bg_y_mobile&quot;:&quot;&quot;,&quot;jet_parallax_layout_bg_size&quot;:&quot;auto&quot;,&quot;jet_parallax_layout_bg_size_tablet&quot;:&quot;&quot;,&quot;jet_parallax_layout_bg_size_mobile&quot;:&quot;&quot;,&quot;jet_parallax_layout_animation_prop&quot;:&quot;transform&quot;,&quot;jet_parallax_layout_on&quot;:[&quot;desktop&quot;,&quot;tablet&quot;]}]}\"><div><div><div data-id=\"1856d39\" data-element_type=\"column\"><div><div><div data-id=\"ca707ff\" data-element_type=\"widget\" data-widget_type=\"heading.default\"><div><p>Ez a weboldal cookie-kat haszn\u00e1l, az al\u00e1bbi r\u00e9sz a cookie-k haszn\u00e1lat\u00e1t, illetve azok kezel\u00e9s\u00e9nek \u00e9s t\u00f6rl\u00e9s\u00e9nek m\u00f3dj\u00e1t \u00edrja le.<\/p><\/div><\/div><\/div><\/div><\/div><\/div><\/div><\/section><section data-id=\"cee848a\" data-element_type=\"section\" data-settings=\"{&quot;jet_parallax_layout_list&quot;:[{&quot;jet_parallax_layout_image&quot;:{&quot;url&quot;:&quot;&quot;,&quot;id&quot;:&quot;&quot;},&quot;_id&quot;:&quot;38096bb&quot;,&quot;jet_parallax_layout_image_tablet&quot;:{&quot;url&quot;:&quot;&quot;,&quot;id&quot;:&quot;&quot;},&quot;jet_parallax_layout_image_mobile&quot;:{&quot;url&quot;:&quot;&quot;,&quot;id&quot;:&quot;&quot;},&quot;jet_parallax_layout_speed&quot;:{&quot;unit&quot;:&quot;%&quot;,&quot;size&quot;:50,&quot;sizes&quot;:[]},&quot;jet_parallax_layout_type&quot;:&quot;scroll&quot;,&quot;jet_parallax_layout_direction&quot;:null,&quot;jet_parallax_layout_fx_direction&quot;:null,&quot;jet_parallax_layout_z_index&quot;:&quot;&quot;,&quot;jet_parallax_layout_bg_x&quot;:50,&quot;jet_parallax_layout_bg_x_tablet&quot;:&quot;&quot;,&quot;jet_parallax_layout_bg_x_mobile&quot;:&quot;&quot;,&quot;jet_parallax_layout_bg_y&quot;:50,&quot;jet_parallax_layout_bg_y_tablet&quot;:&quot;&quot;,&quot;jet_parallax_layout_bg_y_mobile&quot;:&quot;&quot;,&quot;jet_parallax_layout_bg_size&quot;:&quot;auto&quot;,&quot;jet_parallax_layout_bg_size_tablet&quot;:&quot;&quot;,&quot;jet_parallax_layout_bg_size_mobile&quot;:&quot;&quot;,&quot;jet_parallax_layout_animation_prop&quot;:&quot;transform&quot;,&quot;jet_parallax_layout_on&quot;:[&quot;desktop&quot;,&quot;tablet&quot;]}]}\"><div><div><div data-id=\"a85c7eb\" data-element_type=\"column\"><div><div><div data-id=\"778b487\" data-element_type=\"widget\" data-widget_type=\"text-editor.default\"><div><div><p><strong>Mi a cookie?<\/strong><br \/>A sz\u00e1m\u00edt\u00f3g\u00e9p merevlemez\u00e9r\u0151l egy weboldalra megk\u00fcld\u00f6tt inform\u00e1ci\u00f3kat nevezz\u00fck \u201ccookie\u201d-nak. Ezek nem sz\u00e1m\u00edt\u00f3g\u00e9pes programok, csup\u00e1n kis inform\u00e1ci\u00f3s f\u00e1jlok, amelyek lehet\u0151v\u00e9 teszik, hogy egy weboldal a felhaszn\u00e1l\u00f3 b\u00f6ng\u00e9sz\u00e9si szok\u00e1sair\u00f3l adatokat r\u00f6gz\u00edtsen. A legt\u00f6bb weboldal haszn\u00e1l cookie-kat, mert ezek hozz\u00e1j\u00e1rulnak az internetes felhaszn\u00e1l\u00f3i \u00e9lm\u00e9ny k\u00e9nyelmesebb\u00e9 t\u00e9tel\u00e9hez. A cookie-k seg\u00edts\u00e9g\u00e9vel a weboldal szem\u00e9lyre szabott szolg\u00e1ltat\u00e1sokat ny\u00fajthat (p\u00e9ld\u00e1ul megjegyzi a bejelentkez\u00e9si adatokat, bev\u00e1s\u00e1rl\u00f3kos\u00e1rba helyezett term\u00e9keket vagy az adott felhaszn\u00e1l\u00f3 sz\u00e1m\u00e1ra relev\u00e1ns tartalmakat).<\/p><p>K\u00fcl\u00f6nb\u00f6z\u0151 t\u00edpus\u00fa cookie-k l\u00e9teznek: id\u0151leges cookie-k (munkamenet cookie), amelyek a b\u00f6ng\u00e9sz\u0151 bez\u00e1r\u00e1sakor t\u00f6rl\u0151dnek \u00e9s \u00e1lland\u00f3 cookie-k, amelyeket a b\u00f6ng\u00e9sz\u0151 nem t\u00f6r\u00f6l, hanem t\u00f6rl\u00e9sig vagy \u00e9rv\u00e9nyess\u00e9g\u00fck lej\u00e1rt\u00e1ig akt\u00edvak maradnak (amely att\u00f3l f\u00fcgg, hogy a weboldal milyen id\u0151szakot adott meg a cookie \u00e9lettartamak\u00e9nt).<\/p><p><strong>Hogyan t\u00f6r\u00f6lhet\u0151k a cookie-k?<\/strong><br \/>A legt\u00f6bb internet b\u00f6ng\u00e9sz\u0151 kezdetben arra van be\u00e1ll\u00edtva, hogy elfogadja a cookie-kat. Megv\u00e1ltoztathatja a be\u00e1ll\u00edt\u00e1sokat, hogy blokkolja a cookie-kat, illetve figyelmeztet\u00e9st k\u00e9rhet, amikor cookie-kat \u00e1ll\u00edtanak be az eszk\u00f6z\u00e9n. Sz\u00e1mos m\u00f3dja van a cookie-k kezel\u00e9s\u00e9nek. K\u00e9rj\u00fck n\u00e9zze meg a b\u00f6ng\u00e9sz\u0151 inform\u00e1ci\u00f3kat vagy a seg\u00edts\u00e9g oldalt, ha t\u00f6bbet k\u00edv\u00e1n megtudni a b\u00f6ng\u00e9sz\u0151 be\u00e1ll\u00edt\u00e1sokr\u00f3l \u00e9s azok m\u00f3dos\u00edt\u00e1s\u00e1r\u00f3l.<br \/>Ha kikapcsolja az \u00e1ltalunk haszn\u00e1lt cookie-kat, sok olyan funkci\u00f3t vesz\u00edthet el, amelyek a weboldal megfelel\u0151 haszn\u00e1lat\u00e1hoz sz\u00fcks\u00e9gesek.<br \/>Ha k\u00fcl\u00f6nb\u00f6z\u0151 eszk\u00f6z\u00f6ket haszn\u00e1l weboldalunk megtekint\u00e9s\u00e9re (pl. sz\u00e1m\u00edt\u00f3g\u00e9p, okostelefon, t\u00e1blag\u00e9p, stb.) legyen biztos, hogy minden egyes b\u00f6ng\u00e9sz\u0151 azokon az eszk\u00f6z\u00f6k\u00f6n az \u00f6n cookie ig\u00e9nyeinek megfelel\u0151en van be\u00e1ll\u00edtva.<\/p><p><strong>Cookie-k fajt\u00e1i<\/strong><br \/>a) Szigor\u00faan sz\u00fcks\u00e9ges cookie-k \u2013 Ezek a cookie-k a weboldal haszn\u00e1lat\u00e1hoz sz\u00fcks\u00e9gesek, lehet\u0151v\u00e9 teszik a weboldal funkci\u00f3inak ig\u00e9nybe v\u00e9tel\u00e9t, p\u00e9ld\u00e1ul a weboldal biztons\u00e1gos r\u00e9szeihez val\u00f3 hozz\u00e1f\u00e9r\u00e9st. Ezek n\u00e9lk\u00fcl a k\u00e9rt szolg\u00e1ltat\u00e1sokat, nem tudjuk ny\u00fajtani.<\/p><p>b) Teljes\u00edtm\u00e9ny cookie-k \u2013 Ezek a cookie-k inform\u00e1ci\u00f3kat gy\u0171jtenek a felhaszn\u00e1l\u00f3 weboldal haszn\u00e1lat\u00e1r\u00f3l, p\u00e9ld\u00e1ul, hogy mely oldalakat l\u00e1togatja leggyakrabban, vagy milyen hiba\u00fczenetet kap a weboldalr\u00f3l. Ezek a cookie-k nem gy\u0171jtenek a l\u00e1togat\u00f3t azonos\u00edt\u00f3 inform\u00e1ci\u00f3kat. A cookie-k \u00e1ltal gy\u0171jt\u00f6tt inform\u00e1ci\u00f3k \u00e1ltal\u00e1nosak \u00e9s n\u00e9vtelenek. Csak a weboldal m\u0171k\u00f6d\u00e9s\u00e9nek jav\u00edt\u00e1s\u00e1ra haszn\u00e1lhat\u00f3k.<\/p><p>c) Funkci\u00f3 cookie-k \u2013 Ezek a cookie-k lehet\u0151v\u00e9 teszik a felhaszn\u00e1l\u00f3 v\u00e1laszt\u00e1sainak r\u00f6gz\u00edt\u00e9s\u00e9t (p\u00e9ld\u00e1ul megadott n\u00e9v, nyelv vagy r\u00e9gi\u00f3) \u00e9s b\u0151v\u00edtett, szem\u00e9lyre szabott funkci\u00f3k haszn\u00e1lat\u00e1t teszik lehet\u0151v\u00e9. Az ezen cookie-k \u00e1ltal gy\u0171jt\u00f6tt inform\u00e1ci\u00f3k n\u00e9vtelenek is lehetnek \u00e9s nem alkalmasak a m\u00e1s weboldalak l\u00e1togat\u00e1s\u00e1nak k\u00f6vet\u00e9s\u00e9re.<\/p><p>d) C\u00e9lzott vagy rekl\u00e1m cookie-k \u2013 Ezek a cookie-k a felhaszn\u00e1l\u00f3 \u00e9s \u00e9rdekl\u0151d\u00e9si k\u00f6r\u00e9nek megfelel\u0151 rekl\u00e1mok megjelen\u00edt\u00e9s\u00e9hez haszn\u00e1lhat\u00f3k. Ezekkel meghat\u00e1rozhat\u00f3 egy rekl\u00e1m megjelen\u00edt\u00e9si alkalmainak sz\u00e1ma, valamint felm\u00e9rhet\u0151 a rekl\u00e1mkamp\u00e1nyok hat\u00e9konys\u00e1ga. Megjegyzik egy weboldal l\u00e1togat\u00e1s\u00e1t \u00e9s az inform\u00e1ci\u00f3kat megosztj\u00e1k m\u00e1s szervezetekkel, p\u00e9ld\u00e1ul a rekl\u00e1m k\u00f6zz\u00e9tev\u0151j\u00e9vel. \u00c1ltal\u00e1ban a c\u00e9lzott vagy rekl\u00e1m cookie-k a weboldalt \u00fczemeltet\u0151 szervezet \u00e1ltal ny\u00fajtott funkci\u00f3khoz kapcsol\u00f3dnak.<\/p><p><strong>Milyen cookie-kat haszn\u00e1l ez a weboldal?<\/strong><br \/>A szem\u00e9lyre szabott felhaszn\u00e1l\u00f3i \u00e9lm\u00e9ny biztos\u00edt\u00e1s\u00e1hoz ez a weboldal cookie-kat haszn\u00e1l. Ah\u00e1nyszor bel\u00e9p az oldalra, az sz\u00e1m\u00edt\u00f3g\u00e9pj\u00e9re cookie-kat k\u00fcld, illetve azokhoz f\u00e9r hozz\u00e1. A haszn\u00e1lt cookie-k list\u00e1j\u00e1t l\u00e1sd al\u00e1bb:<br \/>\u2013 Felugr\u00f3 ablakok kezel\u00e9s\u00e9re haszn\u00e1lunk funkci\u00f3 cookie-kat, \u00e9lettartama 24 h\u00f3ra, 1. f\u00e9l cookie-ja.<br \/>\u2013 A haszn\u00e1lt k\u00e9sz\u00fcl\u00e9k t\u00edpus\u00e1nak meghat\u00e1roz\u00e1sa haszn\u00e1lunk funkci\u00f3 cookie-kat, valamint a munkamenet azonos\u00edt\u00e1s\u00e1ra. Pl. PHPSESSID, ami az \u00d6n egyedi session cookie-j\u00e1nak azonos\u00edt\u00e1s\u00e1hoz sz\u00fcks\u00e9ges weboldalunkon. Ezek 1. f\u00e9l cookie-ja.<br \/>\u2013 A weboldal l\u00e1togatotts\u00e1g\u00e1nak k\u00f6vet\u00e9s\u00e9re haszn\u00e1lunk teljes\u00edtm\u00e9ny \u00e9s rekl\u00e1m cookie-kat, munkamenet \u00e9s \u00e1lland\u00f3 cookie-kat jelent, 3-ik f\u00e9l cookie-ja. Pl. __utma, __utmb, __utmc, __utmz, amelyek Google Analytics cookie-k.<\/p><p>Jelen Jogi Nyilatkozat elfogad\u00e1s\u00e1val, valamint a weboldal l\u00e1togat\u00e1s\u00e1val \u00e9s haszn\u00e1lat\u00e1val elfogadja a cookie-k haszn\u00e1lat\u00e1t. A cookie-k haszn\u00e1lat\u00e1t elfogadhatja a webb\u00f6ng\u00e9sz\u0151ben megadott be\u00e1ll\u00edt\u00e1sokkal is.<\/p><\/div><\/div><\/div><\/div><\/div><\/div><\/div><\/div><\/section><\/div><\/div><\/div><\/div><\/div><\/div><\/div><\/section>\t\t\t\t\t\t\t\t<\/div>\n\t\t\t\t<\/div>\n\t\t\t\t\t<\/div>\n\t\t\t\t<\/div>\n\t\t\t\t<\/div>","protected":false},"excerpt":{"rendered":"<p>COOKIE SZAB\u00c1LYZAT Ez a weboldal cookie-kat haszn\u00e1l, az al\u00e1bbi r\u00e9sz a cookie-k haszn\u00e1lat\u00e1t, illetve azok kezel\u00e9s\u00e9nek \u00e9s t\u00f6rl\u00e9s\u00e9nek m\u00f3dj\u00e1t \u00edrja le. Mi a cookie?A sz\u00e1m\u00edt\u00f3g\u00e9p merevlemez\u00e9r\u0151l egy weboldalra megk\u00fcld\u00f6tt inform\u00e1ci\u00f3kat nevezz\u00fck \u201ccookie\u201d-nak. Ezek nem sz\u00e1m\u00edt\u00f3g\u00e9pes programok, csup\u00e1n kis inform\u00e1ci\u00f3s f\u00e1jlok, amelyek lehet\u0151v\u00e9 teszik, hogy egy weboldal a felhaszn\u00e1l\u00f3 b\u00f6ng\u00e9sz\u00e9si szok\u00e1sair\u00f3l adatokat r\u00f6gz\u00edtsen. A legt\u00f6bb weboldal [&hellip;]<\/p>","protected":false},"author":1,"featured_media":0,"parent":0,"menu_order":0,"comment_status":"closed","ping_status":"closed","template":"elementor_header_footer","meta":{"footnotes":""},"class_list":["post-20001","page","type-page","status-publish","hentry"],"_links":{"self":[{"href":"https:\/\/www.acelvakondcyclingteam.hu\/en\/wp-json\/wp\/v2\/pages\/20001","targetHints":{"allow":["GET"]}}],"collection":[{"href":"https:\/\/www.acelvakondcyclingteam.hu\/en\/wp-json\/wp\/v2\/pages"}],"about":[{"href":"https:\/\/www.acelvakondcyclingteam.hu\/en\/wp-json\/wp\/v2\/types\/page"}],"author":[{"embeddable":true,"href":"https:\/\/www.acelvakondcyclingteam.hu\/en\/wp-json\/wp\/v2\/users\/1"}],"replies":[{"embeddable":true,"href":"https:\/\/www.acelvakondcyclingteam.hu\/en\/wp-json\/wp\/v2\/comments?post=20001"}],"version-history":[{"count":7,"href":"https:\/\/www.acelvakondcyclingteam.hu\/en\/wp-json\/wp\/v2\/pages\/20001\/revisions"}],"predecessor-version":[{"id":20008,"href":"https:\/\/www.acelvakondcyclingteam.hu\/en\/wp-json\/wp\/v2\/pages\/20001\/revisions\/20008"}],"wp:attachment":[{"href":"https:\/\/www.acelvakondcyclingteam.hu\/en\/wp-json\/wp\/v2\/media?parent=20001"}],"curies":[{"name":"wp","href":"https:\/\/api.w.org\/{rel}","templated":true}]}}